{"id":821,"date":"2023-03-28T12:54:34","date_gmt":"2023-03-28T11:54:34","guid":{"rendered":"https:\/\/igbce-dorsten-online.de\/?page_id=821"},"modified":"2023-06-23T10:43:42","modified_gmt":"2023-06-23T09:43:42","slug":"bildungsfahrt-dr-oetker-und-soest","status":"publish","type":"page","link":"https:\/\/igbce-dorsten-online.de\/?page_id=821","title":{"rendered":"Bildungsfahrt Dr. Oetker und Soest"},"content":{"rendered":"\n<figure class=\"wp-block-image size-large\"><img loading=\"lazy\" decoding=\"async\" width=\"1024\" height=\"263\" src=\"https:\/\/igbce-dorsten-online.de\/wp-content\/uploads\/2023\/04\/Kopfzeile-1024x263.jpg\" alt=\"\" class=\"wp-image-890\" srcset=\"https:\/\/igbce-dorsten-online.de\/wp-content\/uploads\/2023\/04\/Kopfzeile-1024x263.jpg 1024w, https:\/\/igbce-dorsten-online.de\/wp-content\/uploads\/2023\/04\/Kopfzeile-300x77.jpg 300w, https:\/\/igbce-dorsten-online.de\/wp-content\/uploads\/2023\/04\/Kopfzeile-768x197.jpg 768w, https:\/\/igbce-dorsten-online.de\/wp-content\/uploads\/2023\/04\/Kopfzeile-1536x395.jpg 1536w, https:\/\/igbce-dorsten-online.de\/wp-content\/uploads\/2023\/04\/Kopfzeile-2048x527.jpg 2048w\" sizes=\"auto, (max-width: 1024px) 100vw, 1024px\" \/><\/figure>\n\n\n\n<p class=\"has-text-align-center\">Am 16.06.2023 ging es am fr\u00fchen Morgen, bei herrlichen Sonnenschein, von Dorsten aus,<br>mit dem Bus zur &#8222;Dr. Oetker Welt&#8220; nach Bielefeld.<br>Bei der gut 2 st\u00fcndigen F\u00fchrung durch das ehemalige Versandgeb\u00e4ude, welches heute ein Besucherzentrum ist und auch die Versuchsk\u00fcchen beherbergt, haben wir viel \u00fcber die Fa. Dr. Oetker erfahren. Angefangen mit der Erfindung des Backpulver durch den Apotheker Dr. Oetker (Firmengr\u00fcnder) <\/p>\n\n\n\n<figure class=\"wp-block-image size-full is-resized\"><img loading=\"lazy\" decoding=\"async\" src=\"https:\/\/igbce-dorsten-online.de\/wp-content\/uploads\/2023\/06\/image.png\" alt=\"\" class=\"wp-image-988\" width=\"265\" height=\"353\" srcset=\"https:\/\/igbce-dorsten-online.de\/wp-content\/uploads\/2023\/06\/image.png 768w, https:\/\/igbce-dorsten-online.de\/wp-content\/uploads\/2023\/06\/image-225x300.png 225w\" sizes=\"auto, (max-width: 265px) 100vw, 265px\" \/><\/figure>\n\n\n\n<p class=\"has-text-align-center\">bis zur heutigen Firma mit mehreren Fabriken in Deutschland und Standorten in der ganzen Welt.<\/p>\n\n\n\n<figure class=\"wp-block-gallery has-nested-images columns-default is-cropped wp-block-gallery-2 is-layout-flex wp-block-gallery-is-layout-flex\">\n<figure class=\"wp-block-image size-large\"><img loading=\"lazy\" decoding=\"async\" width=\"768\" height=\"1024\" data-id=\"981\" src=\"https:\/\/igbce-dorsten-online.de\/wp-content\/uploads\/2023\/06\/IMG_20230616_092313-768x1024.jpg\" alt=\"\" class=\"wp-image-981\" srcset=\"https:\/\/igbce-dorsten-online.de\/wp-content\/uploads\/2023\/06\/IMG_20230616_092313-768x1024.jpg 768w, https:\/\/igbce-dorsten-online.de\/wp-content\/uploads\/2023\/06\/IMG_20230616_092313-225x300.jpg 225w, https:\/\/igbce-dorsten-online.de\/wp-content\/uploads\/2023\/06\/IMG_20230616_092313-1152x1536.jpg 1152w, https:\/\/igbce-dorsten-online.de\/wp-content\/uploads\/2023\/06\/IMG_20230616_092313-1536x2048.jpg 1536w, https:\/\/igbce-dorsten-online.de\/wp-content\/uploads\/2023\/06\/IMG_20230616_092313-scaled.jpg 1920w\" sizes=\"auto, (max-width: 768px) 100vw, 768px\" \/><\/figure>\n\n\n\n<figure class=\"wp-block-image size-large\"><img loading=\"lazy\" decoding=\"async\" width=\"1024\" height=\"768\" data-id=\"983\" src=\"https:\/\/igbce-dorsten-online.de\/wp-content\/uploads\/2023\/06\/IMG_20230616_105019-1024x768.jpg\" alt=\"\" class=\"wp-image-983\" srcset=\"https:\/\/igbce-dorsten-online.de\/wp-content\/uploads\/2023\/06\/IMG_20230616_105019-1024x768.jpg 1024w, https:\/\/igbce-dorsten-online.de\/wp-content\/uploads\/2023\/06\/IMG_20230616_105019-300x225.jpg 300w, https:\/\/igbce-dorsten-online.de\/wp-content\/uploads\/2023\/06\/IMG_20230616_105019-768x576.jpg 768w, https:\/\/igbce-dorsten-online.de\/wp-content\/uploads\/2023\/06\/IMG_20230616_105019-1536x1152.jpg 1536w, https:\/\/igbce-dorsten-online.de\/wp-content\/uploads\/2023\/06\/IMG_20230616_105019-2048x1536.jpg 2048w\" sizes=\"auto, (max-width: 1024px) 100vw, 1024px\" \/><\/figure>\n\n\n\n<figure class=\"wp-block-image size-large\"><img loading=\"lazy\" decoding=\"async\" width=\"768\" height=\"1024\" data-id=\"985\" src=\"https:\/\/igbce-dorsten-online.de\/wp-content\/uploads\/2023\/06\/IMG_20230616_101413-768x1024.jpg\" alt=\"\" class=\"wp-image-985\" srcset=\"https:\/\/igbce-dorsten-online.de\/wp-content\/uploads\/2023\/06\/IMG_20230616_101413-768x1024.jpg 768w, https:\/\/igbce-dorsten-online.de\/wp-content\/uploads\/2023\/06\/IMG_20230616_101413-225x300.jpg 225w, https:\/\/igbce-dorsten-online.de\/wp-content\/uploads\/2023\/06\/IMG_20230616_101413-1152x1536.jpg 1152w, https:\/\/igbce-dorsten-online.de\/wp-content\/uploads\/2023\/06\/IMG_20230616_101413-1536x2048.jpg 1536w, https:\/\/igbce-dorsten-online.de\/wp-content\/uploads\/2023\/06\/IMG_20230616_101413-scaled.jpg 1920w\" sizes=\"auto, (max-width: 768px) 100vw, 768px\" \/><figcaption class=\"wp-element-caption\">Eine der ersten Abf\u00fcllmaschinen<\/figcaption><\/figure>\n\n\n\n<figure class=\"wp-block-image size-large\"><img loading=\"lazy\" decoding=\"async\" width=\"1024\" height=\"768\" data-id=\"984\" src=\"https:\/\/igbce-dorsten-online.de\/wp-content\/uploads\/2023\/06\/IMG_20230616_105446-1024x768.jpg\" alt=\"\" class=\"wp-image-984\" srcset=\"https:\/\/igbce-dorsten-online.de\/wp-content\/uploads\/2023\/06\/IMG_20230616_105446-1024x768.jpg 1024w, https:\/\/igbce-dorsten-online.de\/wp-content\/uploads\/2023\/06\/IMG_20230616_105446-300x225.jpg 300w, https:\/\/igbce-dorsten-online.de\/wp-content\/uploads\/2023\/06\/IMG_20230616_105446-768x576.jpg 768w, https:\/\/igbce-dorsten-online.de\/wp-content\/uploads\/2023\/06\/IMG_20230616_105446-1536x1152.jpg 1536w, https:\/\/igbce-dorsten-online.de\/wp-content\/uploads\/2023\/06\/IMG_20230616_105446-2048x1536.jpg 2048w\" sizes=\"auto, (max-width: 1024px) 100vw, 1024px\" \/><figcaption class=\"wp-element-caption\">Firmenwagen<\/figcaption><\/figure>\n\n\n\n<figure class=\"wp-block-image size-large\"><img loading=\"lazy\" decoding=\"async\" width=\"768\" height=\"1024\" data-id=\"987\" src=\"https:\/\/igbce-dorsten-online.de\/wp-content\/uploads\/2023\/06\/IMG_20230616_103511-768x1024.jpg\" alt=\"\" class=\"wp-image-987\" srcset=\"https:\/\/igbce-dorsten-online.de\/wp-content\/uploads\/2023\/06\/IMG_20230616_103511-768x1024.jpg 768w, https:\/\/igbce-dorsten-online.de\/wp-content\/uploads\/2023\/06\/IMG_20230616_103511-225x300.jpg 225w, https:\/\/igbce-dorsten-online.de\/wp-content\/uploads\/2023\/06\/IMG_20230616_103511-1152x1536.jpg 1152w, https:\/\/igbce-dorsten-online.de\/wp-content\/uploads\/2023\/06\/IMG_20230616_103511-1536x2048.jpg 1536w, https:\/\/igbce-dorsten-online.de\/wp-content\/uploads\/2023\/06\/IMG_20230616_103511-scaled.jpg 1920w\" sizes=\"auto, (max-width: 768px) 100vw, 768px\" \/><figcaption class=\"wp-element-caption\">Ausstellung mit Produkten<\/figcaption><\/figure>\n\n\n\n<figure class=\"wp-block-image size-large\"><img loading=\"lazy\" decoding=\"async\" width=\"768\" height=\"1024\" data-id=\"986\" src=\"https:\/\/igbce-dorsten-online.de\/wp-content\/uploads\/2023\/06\/IMG_20230616_103413-768x1024.jpg\" alt=\"\" class=\"wp-image-986\" srcset=\"https:\/\/igbce-dorsten-online.de\/wp-content\/uploads\/2023\/06\/IMG_20230616_103413-768x1024.jpg 768w, https:\/\/igbce-dorsten-online.de\/wp-content\/uploads\/2023\/06\/IMG_20230616_103413-225x300.jpg 225w, https:\/\/igbce-dorsten-online.de\/wp-content\/uploads\/2023\/06\/IMG_20230616_103413-1152x1536.jpg 1152w, https:\/\/igbce-dorsten-online.de\/wp-content\/uploads\/2023\/06\/IMG_20230616_103413-1536x2048.jpg 1536w, https:\/\/igbce-dorsten-online.de\/wp-content\/uploads\/2023\/06\/IMG_20230616_103413-scaled.jpg 1920w\" sizes=\"auto, (max-width: 768px) 100vw, 768px\" \/><\/figure>\n<\/figure>\n\n\n\n<p class=\"has-text-align-center\">Nach der ersten H\u00e4lfte der F\u00fchrung gab es die M\u00f6glichkeit sich mit einem Pudding zu st\u00e4rken.<br>Im Anschluss an die F\u00fchrung, gab es eine Verkostung mit Produkten der Fa. Dr. Oetker.<br>Verschiedenen Kuchen, Milchprodukten, und Pizzas bis zum Sattwerden.<\/p>\n\n\n\n<p class=\"has-text-align-center\">Gut gest\u00e4rkt fuhren wir dann nach Soest, hier hatten wir ausreichend Gelegenheit zum Bummel durch die Altstadt, zu den Kirchen aus Gr\u00fcnsandstein und Besuch des Gr\u00fcnsandsteinmuseum.<\/p>\n\n\n\n<div class=\"wp-block-columns is-layout-flex wp-container-core-columns-is-layout-28f84493 wp-block-columns-is-layout-flex\">\n<div class=\"wp-block-column is-layout-flow wp-block-column-is-layout-flow\" style=\"flex-basis:33.34%\">\n<figure class=\"wp-block-image size-full\"><img loading=\"lazy\" decoding=\"async\" width=\"264\" height=\"198\" src=\"https:\/\/igbce-dorsten-online.de\/wp-content\/uploads\/2023\/06\/image-1.png\" alt=\"\" class=\"wp-image-989\"\/><\/figure>\n<\/div>\n\n\n\n<div class=\"wp-block-column is-layout-flow wp-block-column-is-layout-flow\" style=\"flex-basis:33.34%\">\n<figure class=\"wp-block-image size-large\"><img loading=\"lazy\" decoding=\"async\" width=\"768\" height=\"1024\" src=\"https:\/\/igbce-dorsten-online.de\/wp-content\/uploads\/2023\/06\/IMG_20230616_140712-768x1024.jpg\" alt=\"\" class=\"wp-image-990\" srcset=\"https:\/\/igbce-dorsten-online.de\/wp-content\/uploads\/2023\/06\/IMG_20230616_140712-768x1024.jpg 768w, https:\/\/igbce-dorsten-online.de\/wp-content\/uploads\/2023\/06\/IMG_20230616_140712-225x300.jpg 225w, https:\/\/igbce-dorsten-online.de\/wp-content\/uploads\/2023\/06\/IMG_20230616_140712-1152x1536.jpg 1152w, https:\/\/igbce-dorsten-online.de\/wp-content\/uploads\/2023\/06\/IMG_20230616_140712-1536x2048.jpg 1536w, https:\/\/igbce-dorsten-online.de\/wp-content\/uploads\/2023\/06\/IMG_20230616_140712-scaled.jpg 1920w\" sizes=\"auto, (max-width: 768px) 100vw, 768px\" \/><\/figure>\n<\/div>\n\n\n\n<div class=\"wp-block-column is-layout-flow wp-block-column-is-layout-flow\" style=\"flex-basis:33.33%\">\n<figure class=\"wp-block-image size-large\"><img loading=\"lazy\" decoding=\"async\" width=\"768\" height=\"1024\" src=\"https:\/\/igbce-dorsten-online.de\/wp-content\/uploads\/2023\/06\/IMG_20230616_181106-768x1024.jpg\" alt=\"\" class=\"wp-image-991\" srcset=\"https:\/\/igbce-dorsten-online.de\/wp-content\/uploads\/2023\/06\/IMG_20230616_181106-768x1024.jpg 768w, https:\/\/igbce-dorsten-online.de\/wp-content\/uploads\/2023\/06\/IMG_20230616_181106-225x300.jpg 225w, https:\/\/igbce-dorsten-online.de\/wp-content\/uploads\/2023\/06\/IMG_20230616_181106-1152x1536.jpg 1152w, https:\/\/igbce-dorsten-online.de\/wp-content\/uploads\/2023\/06\/IMG_20230616_181106-1536x2048.jpg 1536w, https:\/\/igbce-dorsten-online.de\/wp-content\/uploads\/2023\/06\/IMG_20230616_181106-scaled.jpg 1920w\" sizes=\"auto, (max-width: 768px) 100vw, 768px\" \/><\/figure>\n<\/div>\n<\/div>\n\n\n\n<p class=\"has-text-align-center\">Zum Abschluss waren f\u00fcr uns Tische im Gasthaus &#8222;Aloisius&#8220; gegen\u00fcber vom Brauhaus Zwiebel reserviert.<br>Bei einem k\u00fchlen Getr\u00e4nk und guten Essen lie\u00dfen wir hier den Tag ausklingen, bevor es mit dem Bus zur\u00fcck nach Dorsten ging.<\/p>\n\n\n\n<div class=\"wp-block-columns is-layout-flex wp-container-core-columns-is-layout-28f84493 wp-block-columns-is-layout-flex\">\n<div class=\"wp-block-column is-layout-flow wp-block-column-is-layout-flow\" style=\"flex-basis:33.34%\">\n<figure class=\"wp-block-image size-large is-resized\"><img loading=\"lazy\" decoding=\"async\" src=\"https:\/\/igbce-dorsten-online.de\/wp-content\/uploads\/2023\/06\/IMG-20230617-WA0011-768x1024.jpg\" alt=\"\" class=\"wp-image-995\" width=\"192\" height=\"256\" srcset=\"https:\/\/igbce-dorsten-online.de\/wp-content\/uploads\/2023\/06\/IMG-20230617-WA0011-768x1024.jpg 768w, https:\/\/igbce-dorsten-online.de\/wp-content\/uploads\/2023\/06\/IMG-20230617-WA0011-225x300.jpg 225w, https:\/\/igbce-dorsten-online.de\/wp-content\/uploads\/2023\/06\/IMG-20230617-WA0011-1152x1536.jpg 1152w, https:\/\/igbce-dorsten-online.de\/wp-content\/uploads\/2023\/06\/IMG-20230617-WA0011.jpg 1200w\" sizes=\"auto, (max-width: 192px) 100vw, 192px\" \/><\/figure>\n<\/div>\n\n\n\n<div class=\"wp-block-column is-layout-flow wp-block-column-is-layout-flow\" style=\"flex-basis:33.33%\">\n<figure class=\"wp-block-image size-large is-resized\"><img loading=\"lazy\" decoding=\"async\" src=\"https:\/\/igbce-dorsten-online.de\/wp-content\/uploads\/2023\/06\/IMG-20230617-WA0015-1-768x1024.jpg\" alt=\"\" class=\"wp-image-996\" width=\"192\" height=\"256\" srcset=\"https:\/\/igbce-dorsten-online.de\/wp-content\/uploads\/2023\/06\/IMG-20230617-WA0015-1-768x1024.jpg 768w, https:\/\/igbce-dorsten-online.de\/wp-content\/uploads\/2023\/06\/IMG-20230617-WA0015-1-225x300.jpg 225w, https:\/\/igbce-dorsten-online.de\/wp-content\/uploads\/2023\/06\/IMG-20230617-WA0015-1-1152x1536.jpg 1152w, https:\/\/igbce-dorsten-online.de\/wp-content\/uploads\/2023\/06\/IMG-20230617-WA0015-1.jpg 1200w\" sizes=\"auto, (max-width: 192px) 100vw, 192px\" \/><\/figure>\n<\/div>\n\n\n\n<div class=\"wp-block-column is-layout-flow wp-block-column-is-layout-flow\" style=\"flex-basis:33.33%\">\n<figure class=\"wp-block-image size-large is-resized\"><img loading=\"lazy\" decoding=\"async\" src=\"https:\/\/igbce-dorsten-online.de\/wp-content\/uploads\/2023\/06\/IMG_20230616_191136-1-1024x768.jpg\" alt=\"\" class=\"wp-image-997\" width=\"512\" height=\"384\" srcset=\"https:\/\/igbce-dorsten-online.de\/wp-content\/uploads\/2023\/06\/IMG_20230616_191136-1-1024x768.jpg 1024w, https:\/\/igbce-dorsten-online.de\/wp-content\/uploads\/2023\/06\/IMG_20230616_191136-1-300x225.jpg 300w, https:\/\/igbce-dorsten-online.de\/wp-content\/uploads\/2023\/06\/IMG_20230616_191136-1-768x576.jpg 768w, https:\/\/igbce-dorsten-online.de\/wp-content\/uploads\/2023\/06\/IMG_20230616_191136-1-1536x1152.jpg 1536w, https:\/\/igbce-dorsten-online.de\/wp-content\/uploads\/2023\/06\/IMG_20230616_191136-1-2048x1536.jpg 2048w\" sizes=\"auto, (max-width: 512px) 100vw, 512px\" \/><\/figure>\n<\/div>\n<\/div>\n","protected":false},"excerpt":{"rendered":"<p>Am 16.06.2023 ging es am fr\u00fchen Morgen, bei herrlichen Sonnenschein, von Dorsten aus,mit dem Bus zur &#8222;Dr. Oetker Welt&#8220; nach Bielefeld.Bei der gut 2 st\u00fcndigen F\u00fchrung durch das ehemalige Versandgeb\u00e4ude, [&hellip;]<\/p>\n","protected":false},"author":1,"featured_media":0,"parent":0,"menu_order":0,"comment_status":"closed","ping_status":"closed","template":"","meta":{"footnotes":""},"class_list":["post-821","page","type-page","status-publish","hentry"],"_links":{"self":[{"href":"https:\/\/igbce-dorsten-online.de\/index.php?rest_route=\/wp\/v2\/pages\/821","targetHints":{"allow":["GET"]}}],"collection":[{"href":"https:\/\/igbce-dorsten-online.de\/index.php?rest_route=\/wp\/v2\/pages"}],"about":[{"href":"https:\/\/igbce-dorsten-online.de\/index.php?rest_route=\/wp\/v2\/types\/page"}],"author":[{"embeddable":true,"href":"https:\/\/igbce-dorsten-online.de\/index.php?rest_route=\/wp\/v2\/users\/1"}],"replies":[{"embeddable":true,"href":"https:\/\/igbce-dorsten-online.de\/index.php?rest_route=%2Fwp%2Fv2%2Fcomments&post=821"}],"version-history":[{"count":8,"href":"https:\/\/igbce-dorsten-online.de\/index.php?rest_route=\/wp\/v2\/pages\/821\/revisions"}],"predecessor-version":[{"id":1537,"href":"https:\/\/igbce-dorsten-online.de\/index.php?rest_route=\/wp\/v2\/pages\/821\/revisions\/1537"}],"wp:attachment":[{"href":"https:\/\/igbce-dorsten-online.de\/index.php?rest_route=%2Fwp%2Fv2%2Fmedia&parent=821"}],"curies":[{"name":"wp","href":"https:\/\/api.w.org\/{rel}","templated":true}]}}